{"id":3040,"date":"2024-01-15T14:52:54","date_gmt":"2024-01-15T14:52:54","guid":{"rendered":"https:\/\/megapublicidad.net\/3.0\/?page_id=3040"},"modified":"2026-03-28T16:31:35","modified_gmt":"2026-03-28T16:31:35","slug":"nuestra-garantia","status":"publish","type":"page","link":"https:\/\/megapublicidad.net.pe\/3.0\/nosotros\/nuestra-garantia\/","title":{"rendered":"NUESTRA GARANT\u00cdA"},"content":{"rendered":"<p>T\u00e9rminos de Garant\u00eda 01-2026<\/p>\n<p><strong><img fetchpriority=\"high\" decoding=\"async\" class=\" wp-image-3048 alignright\" src=\"https:\/\/megapublicidad.net\/3.0\/wp-content\/uploads\/2024\/01\/GARANTIA-300x300.png\" alt=\"\" width=\"408\" height=\"408\" srcset=\"https:\/\/megapublicidad.net.pe\/3.0\/wp-content\/uploads\/2024\/01\/GARANTIA-300x300.png 300w, https:\/\/megapublicidad.net.pe\/3.0\/wp-content\/uploads\/2024\/01\/GARANTIA-1024x1024.png 1024w, https:\/\/megapublicidad.net.pe\/3.0\/wp-content\/uploads\/2024\/01\/GARANTIA-150x150.png 150w, https:\/\/megapublicidad.net.pe\/3.0\/wp-content\/uploads\/2024\/01\/GARANTIA-768x768.png 768w, https:\/\/megapublicidad.net.pe\/3.0\/wp-content\/uploads\/2024\/01\/GARANTIA-1536x1536.png 1536w, https:\/\/megapublicidad.net.pe\/3.0\/wp-content\/uploads\/2024\/01\/GARANTIA-600x600.png 600w, https:\/\/megapublicidad.net.pe\/3.0\/wp-content\/uploads\/2024\/01\/GARANTIA-100x100.png 100w, https:\/\/megapublicidad.net.pe\/3.0\/wp-content\/uploads\/2024\/01\/GARANTIA.png 2000w\" sizes=\"(max-width: 408px) 100vw, 408px\" \/><\/strong><\/p>\n<h3 data-start=\"381\" data-end=\"406\"><strong data-start=\"385\" data-end=\"406\">GARANT\u00cdA LETREROS<\/strong><\/h3>\n<p data-start=\"408\" data-end=\"425\"><strong data-start=\"408\" data-end=\"425\">1- IMPRESI\u00d3N:<\/strong><\/p>\n<p data-start=\"427\" data-end=\"720\"><strong data-start=\"427\" data-end=\"435\">1.1-<\/strong> Las impresiones sobre banner, lona o vinil sin laminado cuentan con una <strong data-start=\"508\" data-end=\"531\">garant\u00eda de 6 meses<\/strong>. Si luego de la entrega o instalaci\u00f3n del producto, hasta 6 meses se degrada el color de manera considerable solo por caer lluvia o sol, <strong data-start=\"669\" data-end=\"720\">lo reemplazamos sin costo adicional para usted.<\/strong><\/p>\n<p data-start=\"722\" data-end=\"817\"><em data-start=\"722\" data-end=\"817\">No cubre la limpieza directa con agua u otros productos qu\u00edmicos, rasgaduras o perforaciones.<\/em><\/p>\n<p data-start=\"819\" data-end=\"1155\"><strong data-start=\"819\" data-end=\"827\">1.2-<\/strong> Las impresiones sobre banner, lona o vinil con laminado cuentan con una <strong data-start=\"900\" data-end=\"925\">garant\u00eda de 12 meses.<\/strong> Si luego de la entrega o instalaci\u00f3n del producto, hasta 12 meses se degrada el color de manera considerable por exposici\u00f3n normal a la lluvia o el sol, <strong data-start=\"1079\" data-end=\"1155\">lo reemplazamos sin costo adicional para usted, previa revisi\u00f3n t\u00e9cnica.<\/strong><\/p>\n<p data-start=\"1157\" data-end=\"1385\"><em data-start=\"1157\" data-end=\"1385\">No cubre degradaci\u00f3n por limpieza directa con agua u otros productos qu\u00edmicos, rasgaduras o perforaciones ocasionadas por objetos externos, accidentes o eventos naturales de mayor fuerza (fuertes vientos, sismos, entre otros).<\/em><\/p>\n<hr data-start=\"1387\" data-end=\"1390\" \/>\n<p data-start=\"1392\" data-end=\"1410\"><strong data-start=\"1392\" data-end=\"1410\">2- ESTRUCTURAS<\/strong><\/p>\n<p data-start=\"1412\" data-end=\"1811\"><strong data-start=\"1412\" data-end=\"1420\">2.1-<\/strong> Las estructuras que fabricamos para soportar las piezas gr\u00e1ficas cuentan con una <strong data-start=\"1502\" data-end=\"1527\">garant\u00eda de 12 meses.<\/strong> Si alguna estructura se parte por oxidaci\u00f3n debido a la lluvia o el sol, o si se dobla o se parte debido al peso de la misma pieza gr\u00e1fica, desde el momento de la instalaci\u00f3n hasta 12 meses, <strong data-start=\"1719\" data-end=\"1811\">ser\u00e1 reparada o reemplazada seg\u00fan lo requiera la pieza publicitaria sin costo adicional.<\/strong><\/p>\n<p data-start=\"1813\" data-end=\"1946\"><em data-start=\"1813\" data-end=\"1946\">No cubre golpes por veh\u00edculos, cualquier objeto externo o eventos naturales de mayor fuerza (fuertes vientos, sismos, entre otros).<\/em><\/p>\n<hr data-start=\"1948\" data-end=\"1951\" \/>\n<p data-start=\"1953\" data-end=\"1979\"><strong data-start=\"1953\" data-end=\"1979\">3- LETRAS ALTO RELIEVE<\/strong><\/p>\n<p data-start=\"1981\" data-end=\"2393\"><strong data-start=\"1981\" data-end=\"1989\">3.1-<\/strong> Las letras alto relieve son fabricadas a detalle pasando por 3 revisiones antes de ser instaladas, cuentan con una <strong data-start=\"2105\" data-end=\"2129\">garant\u00eda de 12 meses<\/strong> desde el momento de la instalaci\u00f3n. Si en ese periodo alguna letra se despinta, despega o agrieta por exposici\u00f3n a la lluvia o el sol, <strong data-start=\"2265\" data-end=\"2393\">ser\u00e1 reparada o reemplazada seg\u00fan lo requiera la pieza publicitaria sin costo adicional para usted, previa revisi\u00f3n t\u00e9cnica.<\/strong><\/p>\n<p data-start=\"2395\" data-end=\"2542\"><em data-start=\"2395\" data-end=\"2542\">No cubre golpes, quebraduras por veh\u00edculos o cualquier objeto externo o eventos naturales de mayor fuerza (fuertes vientos, sismos, entre otros).<\/em><\/p>\n<hr data-start=\"2544\" data-end=\"2547\" \/>\n<p data-start=\"2549\" data-end=\"2582\"><strong data-start=\"2549\" data-end=\"2582\">4- ELECTRICIDAD Y ELECTR\u00d3NICA<\/strong><\/p>\n<p data-start=\"2584\" data-end=\"3045\"><strong data-start=\"2584\" data-end=\"2592\">4.1-<\/strong> Las piezas el\u00e9ctricas y electr\u00f3nicas nacionales e importadas que utilizamos en la fabricaci\u00f3n de piezas publicitarias <strong data-start=\"2711\" data-end=\"2752\">no cuentan con garant\u00eda de fabricante<\/strong>, sin embargo, las tratamos con el mayor cuidado posible. Por ello, contar\u00e1 con una <strong data-start=\"2836\" data-end=\"2880\">garant\u00eda de 6 meses desde la instalaci\u00f3n<\/strong> en caso de alg\u00fan cortocircuito interno de la pieza publicitaria, desprendimiento o ruptura de cableado, o desprendimiento de cinta led, <strong data-start=\"3017\" data-end=\"3045\">previa revisi\u00f3n t\u00e9cnica.<\/strong><\/p>\n<p data-start=\"3047\" data-end=\"3360\"><em data-start=\"3047\" data-end=\"3360\">No cubre cortocircuitos externos a la pieza publicitaria que puedan afectar el correcto funcionamiento de la misma, humedecimiento de fuentes de poder o piezas electr\u00f3nicas o de cableado resguardadas en lugares seguros y en general mal uso por parte del usuario que pueda generar da\u00f1os en la pieza publicitaria.<\/em><\/p>\n<hr data-start=\"3362\" data-end=\"3365\" \/>\n<h3 data-start=\"3367\" data-end=\"3397\"><strong data-start=\"3371\" data-end=\"3397\">Condiciones Generales:<\/strong><\/h3>\n<p data-start=\"3399\" data-end=\"3481\"><strong data-start=\"3399\" data-end=\"3405\">1-<\/strong> Debe presentar su <strong data-start=\"3424\" data-end=\"3481\">factura digital o en su defecto su n\u00famero de factura.<\/strong><\/p>\n<p data-start=\"3483\" data-end=\"3631\"><strong data-start=\"3483\" data-end=\"3489\">2-<\/strong> Reclamar la garant\u00eda <strong data-start=\"3511\" data-end=\"3546\">dentro del per\u00edodo de cobertura<\/strong>; no se atender\u00e1 ninguna garant\u00eda si es notificada fuera del periodo correspondiente.<\/p>\n<p data-start=\"3633\" data-end=\"3923\" data-is-last-node=\"\" data-is-only-node=\"\"><strong data-start=\"3633\" data-end=\"3639\">3-<\/strong> En todos los casos, <strong data-start=\"3660\" data-end=\"3772\">los costos de traslado de la pieza publicitaria, traslado de personal y vi\u00e1ticos van por cuenta del cliente.<\/strong><br data-start=\"3772\" data-end=\"3775\" \/>La garant\u00eda <strong data-start=\"3787\" data-end=\"3846\">cubrir\u00e1 \u00fanicamente los costos relacionados directamente<\/strong> a la reparaci\u00f3n o reemplazo de la pieza afectada seg\u00fan lo requiera la misma.<\/p>\n<p>&nbsp;<\/p>\n<p>&nbsp;<\/p>\n","protected":false},"excerpt":{"rendered":"<p>T\u00e9rminos de Garant\u00eda 01-2026 GARANT\u00cdA LETREROS 1- IMPRESI\u00d3N: 1.1- Las impresiones sobre banner, lona o vinil sin laminado cuentan con una garant\u00eda de 6 meses. Si luego de la entrega o instalaci\u00f3n del producto, hasta 6 meses se degrada el color de manera considerable solo por caer lluvia o sol, lo reemplazamos sin costo adicional&#8230;<\/p>\n","protected":false},"author":2,"featured_media":3048,"parent":15,"menu_order":0,"comment_status":"closed","ping_status":"closed","template":"","meta":{"_kad_post_transparent":"default","_kad_post_title":"default","_kad_post_layout":"default","_kad_post_sidebar_id":"","_kad_post_content_style":"default","_kad_post_vertical_padding":"default","_kad_post_feature":"","_kad_post_feature_position":"","_kad_post_header":false,"_kad_post_footer":false,"_kad_post_classname":"","_joinchat":[],"footnotes":""},"class_list":["post-3040","page","type-page","status-publish","has-post-thumbnail","hentry"],"jetpack_sharing_enabled":true,"_links":{"self":[{"href":"https:\/\/megapublicidad.net.pe\/3.0\/wp-json\/wp\/v2\/pages\/3040","targetHints":{"allow":["GET"]}}],"collection":[{"href":"https:\/\/megapublicidad.net.pe\/3.0\/wp-json\/wp\/v2\/pages"}],"about":[{"href":"https:\/\/megapublicidad.net.pe\/3.0\/wp-json\/wp\/v2\/types\/page"}],"author":[{"embeddable":true,"href":"https:\/\/megapublicidad.net.pe\/3.0\/wp-json\/wp\/v2\/users\/2"}],"replies":[{"embeddable":true,"href":"https:\/\/megapublicidad.net.pe\/3.0\/wp-json\/wp\/v2\/comments?post=3040"}],"version-history":[{"count":9,"href":"https:\/\/megapublicidad.net.pe\/3.0\/wp-json\/wp\/v2\/pages\/3040\/revisions"}],"predecessor-version":[{"id":3132,"href":"https:\/\/megapublicidad.net.pe\/3.0\/wp-json\/wp\/v2\/pages\/3040\/revisions\/3132"}],"up":[{"embeddable":true,"href":"https:\/\/megapublicidad.net.pe\/3.0\/wp-json\/wp\/v2\/pages\/15"}],"wp:featuredmedia":[{"embeddable":true,"href":"https:\/\/megapublicidad.net.pe\/3.0\/wp-json\/wp\/v2\/media\/3048"}],"wp:attachment":[{"href":"https:\/\/megapublicidad.net.pe\/3.0\/wp-json\/wp\/v2\/media?parent=3040"}],"curies":[{"name":"wp","href":"https:\/\/api.w.org\/{rel}","templated":true}]}}