{"id":1417,"date":"2023-08-08T17:20:07","date_gmt":"2023-08-08T17:20:07","guid":{"rendered":"https:\/\/megapublicidad.net\/3.0\/?post_type=product&#038;p=1417"},"modified":"2023-09-15T20:15:32","modified_gmt":"2023-09-15T20:15:32","slug":"hosting-web-5gb","status":"publish","type":"product","link":"https:\/\/megapublicidad.net.pe\/3.0\/producto\/hosting-web-5gb\/","title":{"rendered":"HOSTING WEB 5GB"},"content":{"rendered":"<p>En Mega Publicidad sabemos lo que necesitas para alojar tu web, por ello te ofrecemos los m\u00e1s completos y competitivos planes de hosting junto con nuestro capacitado soporte t\u00e9cnico las 24 horas del d\u00eda, los 365 d\u00edas del a\u00f1o.<\/p>\n<p>Puedes confiar en nosotros el hospedaje de cualquier tipo de proyectos como p\u00e1ginas personales, corporativas, blogs, tiendas virtuales, formularios de pagos, CMS Woedpress, entre otros.<\/p>\n<p>Con servidores de alta tecnolog\u00eda distribuidos en m\u00faltiples DataCenters en Estados Unidos, garantizamos la estabilidad y uptime de los sitios alojados con nosotros.<\/p>\n<h1 class=\"titles\">Nuestros Planes Incluyen<\/h1>\n<div class=\"row-fluid\">\n<div class=\"row-fluid\">\n<div class=\"span4\">\n<div class=\" item_feature border_right\">\n<div class=\"row-fluid head_feature\">\n<div class=\"span10\">\n<h4>Constructor de P\u00e1ginas Web<\/h4>\n<\/div>\n<\/div>\n<\/div>\n<\/div>\n<div class=\"span4\">\n<div class=\" item_feature border_right\">\n<div class=\"row-fluid head_feature\">\n<div class=\"span10\">\n<h4>Soporte T\u00e9cnico 24\/7<\/h4>\n<h6>atenci\u00f3n r\u00e1pida y efectiva<\/h6>\n<\/div>\n<\/div>\n<\/div>\n<\/div>\n<div class=\"span4\">\n<div class=\" item_feature\">\n<div class=\"row-fluid head_feature\">\n<div class=\"span10\">\n<h4>Compatible con Joomla y WordPress<\/h4>\n<h6>entre muchos otros scripts<\/h6>\n<\/div>\n<\/div>\n<\/div>\n<\/div>\n<\/div>\n<div class=\"row-fluid\">\n<div class=\"span4\">\n<div class=\" item_feature border_right\">\n<div class=\"row-fluid head_feature\">\n<div class=\"span10\">\n<h4>M\u00faltiples Versiones PHP<\/h4>\n<h6>Puedes elegir entre 5.2 &#8211; 5.3 &#8211; 5.4 &#8211; 5.5 &#8211; 5.6 &#8211; 7.0 &#8211; 7.1 &#8211; 7.4<\/h6>\n<\/div>\n<\/div>\n<\/div>\n<\/div>\n<div class=\"span4\">\n<div class=\" item_feature border_right\">\n<div class=\"row-fluid head_feature\">\n<div class=\"span10\">\n<h4>Instalador de Aplicaciones<\/h4>\n<h6>joomla, wordpress, prestashop, magento, entre otros<\/h6>\n<\/div>\n<\/div>\n<\/div>\n<\/div>\n<div class=\"span4\">\n<div class=\" item_feature\">\n<div class=\"row-fluid head_feature\">\n<div class=\"span10\">\n<h4>Panel de control cPanel<\/h4>\n<h6>actualizado y totalmente en espa\u00f1ol<\/h6>\n<\/div>\n<\/div>\n<\/div>\n<\/div>\n<\/div>\n<div class=\"row-fluid\">\n<div class=\"span4\">\n<div class=\" item_feature border_right\">\n<div class=\"row-fluid head_feature\">\n<div class=\"span10\">\n<h4>Webmail, POP3 e IMAP<\/h4>\n<h6>gestiona tus cuentas f\u00e1cilmente<\/h6>\n<\/div>\n<\/div>\n<\/div>\n<\/div>\n<div class=\"span4\">\n<div class=\" item_feature border_right\">\n<div class=\"row-fluid head_feature\">\n<div class=\"span10\">\n<h4>MySQL, FTP, CGI-Bin<\/h4>\n<h6>cronjobs, hotlink, editor zonas DNS<\/h6>\n<\/div>\n<\/div>\n<\/div>\n<\/div>\n<div class=\"span4\">\n<div class=\" item_feature\">\n<div class=\"row-fluid head_feature\">\n<div class=\"span10\">\n<h4>Estad\u00edsticas Web<\/h4>\n<h6>awstats y webalizer<\/h6>\n<\/div>\n<\/div>\n<\/div>\n<\/div>\n<\/div>\n<\/div>\n","protected":false},"excerpt":{"rendered":"<div class=\"span4 padding_top\">\n<h2>Plan de Hosting 5GB<\/h2>\n<h2>\u00a0us$12 mensual<\/h2>\n<h2>\u00a0us$99 anual<\/h2>\n<p>Espacio en disco: 5GB<br \/>\nDominio .com | .net | .net.pe: GRATIS<br \/>\n<em>(si contratas hosting anual)<\/em><br \/>\nTransferencia mensual= ILIMITADO<br \/>\nDominios aparcados= ILIMITADO<br \/>\nCorreos electr\u00f3nicos= ILIMITADO<br \/>\nSub Dominios= ILIMITADO<br \/>\nBase de datos MySQL= ILIMITADO<br \/>\nInodes= ILIMITADO<\/p>\n<p><strong>ADEM\u00c1S<\/strong><br \/>\n-Constructor de sitios<br \/>\n-Wordpress<br \/>\n-CPanel<br \/>\n-Softaculous<br \/>\n-Directorios protegidos<br \/>\n-phpMyAdmin<br \/>\n-PostgreSQL<br \/>\n-Javascript<br \/>\n-Soporte via Tickets<br \/>\n-Acceso WEB Mail<br \/>\n-Editor de Zona DNS<\/p>\n<div class=\"text_resalted\">\n<h3>Garantizamos un 99,9% de tiempo en l\u00ednea con lo m\u00e1s avanzado en servidores y aplicaciones de seguridad.<\/h3>\n<\/div>\n<\/div>\n<div class=\"span8\">\n<div class=\"text_resalted\">\n<p>No tienes donde alojar tu sitio web?<\/p>\n<p>Aqu\u00ed encuentras la soluci\u00f3n,<\/p>\n<p>con servidores web equipados<\/p>\n<p>con todo lo que necesita tu p\u00e1gina web<\/p>\n<p>&nbsp;<\/p>\n<\/div>\n<\/div>\n","protected":false},"featured_media":1379,"comment_status":"open","ping_status":"closed","template":"","meta":{"_kad_post_transparent":"default","_kad_post_title":"","_kad_post_layout":"default","_kad_post_sidebar_id":"","_kad_post_content_style":"default","_kad_post_vertical_padding":"default","_kad_post_feature":"","_kad_post_feature_position":"","_kad_post_header":false,"_kad_post_footer":false,"_kad_post_classname":"","_joinchat":[]},"product_brand":[],"product_cat":[29,33],"product_tag":[],"class_list":{"0":"post-1417","1":"product","2":"type-product","3":"status-publish","4":"has-post-thumbnail","6":"product_cat-en-oferta","7":"product_cat-hosting","9":"first","10":"instock","11":"shipping-taxable","12":"product-type-external","13":"entry","14":"content-bg","15":"loop-entry"},"jetpack_sharing_enabled":true,"_links":{"self":[{"href":"https:\/\/megapublicidad.net.pe\/3.0\/wp-json\/wp\/v2\/product\/1417","targetHints":{"allow":["GET"]}}],"collection":[{"href":"https:\/\/megapublicidad.net.pe\/3.0\/wp-json\/wp\/v2\/product"}],"about":[{"href":"https:\/\/megapublicidad.net.pe\/3.0\/wp-json\/wp\/v2\/types\/product"}],"replies":[{"embeddable":true,"href":"https:\/\/megapublicidad.net.pe\/3.0\/wp-json\/wp\/v2\/comments?post=1417"}],"version-history":[{"count":2,"href":"https:\/\/megapublicidad.net.pe\/3.0\/wp-json\/wp\/v2\/product\/1417\/revisions"}],"predecessor-version":[{"id":2930,"href":"https:\/\/megapublicidad.net.pe\/3.0\/wp-json\/wp\/v2\/product\/1417\/revisions\/2930"}],"wp:featuredmedia":[{"embeddable":true,"href":"https:\/\/megapublicidad.net.pe\/3.0\/wp-json\/wp\/v2\/media\/1379"}],"wp:attachment":[{"href":"https:\/\/megapublicidad.net.pe\/3.0\/wp-json\/wp\/v2\/media?parent=1417"}],"wp:term":[{"taxonomy":"product_brand","embeddable":true,"href":"https:\/\/megapublicidad.net.pe\/3.0\/wp-json\/wp\/v2\/product_brand?post=1417"},{"taxonomy":"product_cat","embeddable":true,"href":"https:\/\/megapublicidad.net.pe\/3.0\/wp-json\/wp\/v2\/product_cat?post=1417"},{"taxonomy":"product_tag","embeddable":true,"href":"https:\/\/megapublicidad.net.pe\/3.0\/wp-json\/wp\/v2\/product_tag?post=1417"}],"curies":[{"name":"wp","href":"https:\/\/api.w.org\/{rel}","templated":true}]}}