{"id":1424,"date":"2023-08-11T16:58:16","date_gmt":"2023-08-11T16:58:16","guid":{"rendered":"https:\/\/megapublicidad.net\/3.0\/?post_type=product&#038;p=1424"},"modified":"2023-09-02T20:33:58","modified_gmt":"2023-09-02T20:33:58","slug":"google-ads","status":"publish","type":"product","link":"https:\/\/megapublicidad.net.pe\/3.0\/producto\/google-ads\/","title":{"rendered":"GOOGLE ADS"},"content":{"rendered":"<p>Miles de personas buscan empresas como la tuya. An\u00fanciate en\u00a0<b>Google<\/b> con la segmentaci\u00f3n profesional de <strong>Mega Publicidad<\/strong>. S\u00e9 visto por los clientes en el momento en que est\u00e1n buscando lo que ofreces.<\/p>\n<p>Generamos los mejores resultados con el dinero de tu inversi\u00f3n, analizamos tu marca y tu mercado para armar una segmentaci\u00f3n que ubique a tu negocio entre las personas que lo est\u00e1n buscando.<\/p>\n<p>Consigue mas visitas a tu sitio web.<\/p>\n<p>Genera Llamadas y visitas a tu negocio local y m\u00e1s!<\/p>\n<p>El servicio incluye anuncios en google ads + segmentaci\u00f3n detallada de la campa\u00f1a durante 30 d\u00edas<\/p>\n","protected":false},"excerpt":{"rendered":"<p>Miles de personas buscan empresas como la tuya. An\u00fanciate en\u00a0<b>Google<\/b> con la segmentaci\u00f3n profesional de <strong>Mega Publicidad<\/strong>. S\u00e9 visto por los clientes en el momento en que est\u00e1n buscando lo que ofreces.<\/p>\n<p>Generamos los mejores resultados con el dinero de tu inversi\u00f3n, analizamos tu marca y tu mercado para armar una segmentaci\u00f3n que ubique a tu negocio entre las personas que lo est\u00e1n buscando.<\/p>\n<p>El servicio incluye anuncios en google ads + segmentaci\u00f3n detallada de la campa\u00f1a durante 30 d\u00edas, la cantidad de apariciones de tu publicidad varia segun la subasta del tipo de anuncio, puede mostrarse entre 3 y 10 veces por d\u00eda.<\/p>\n<p>Para aumentar la exposici\u00f3n de tus anuncios puedes incrementar el monto destinado a google ads, cobramos el 10% del monto adicional.<\/p>\n<p>&nbsp;<\/p>\n","protected":false},"featured_media":1376,"comment_status":"open","ping_status":"closed","template":"","meta":{"_kad_post_transparent":"default","_kad_post_title":"","_kad_post_layout":"default","_kad_post_sidebar_id":"","_kad_post_content_style":"default","_kad_post_vertical_padding":"default","_kad_post_feature":"","_kad_post_feature_position":"","_kad_post_header":false,"_kad_post_footer":false,"_kad_post_classname":"","_joinchat":[]},"product_brand":[],"product_cat":[32],"product_tag":[],"class_list":{"0":"post-1424","1":"product","2":"type-product","3":"status-publish","4":"has-post-thumbnail","6":"product_cat-social-manager","8":"first","9":"instock","10":"shipping-taxable","11":"product-type-external","12":"entry","13":"content-bg","14":"loop-entry"},"jetpack_sharing_enabled":true,"_links":{"self":[{"href":"https:\/\/megapublicidad.net.pe\/3.0\/wp-json\/wp\/v2\/product\/1424","targetHints":{"allow":["GET"]}}],"collection":[{"href":"https:\/\/megapublicidad.net.pe\/3.0\/wp-json\/wp\/v2\/product"}],"about":[{"href":"https:\/\/megapublicidad.net.pe\/3.0\/wp-json\/wp\/v2\/types\/product"}],"replies":[{"embeddable":true,"href":"https:\/\/megapublicidad.net.pe\/3.0\/wp-json\/wp\/v2\/comments?post=1424"}],"version-history":[{"count":3,"href":"https:\/\/megapublicidad.net.pe\/3.0\/wp-json\/wp\/v2\/product\/1424\/revisions"}],"predecessor-version":[{"id":2793,"href":"https:\/\/megapublicidad.net.pe\/3.0\/wp-json\/wp\/v2\/product\/1424\/revisions\/2793"}],"wp:featuredmedia":[{"embeddable":true,"href":"https:\/\/megapublicidad.net.pe\/3.0\/wp-json\/wp\/v2\/media\/1376"}],"wp:attachment":[{"href":"https:\/\/megapublicidad.net.pe\/3.0\/wp-json\/wp\/v2\/media?parent=1424"}],"wp:term":[{"taxonomy":"product_brand","embeddable":true,"href":"https:\/\/megapublicidad.net.pe\/3.0\/wp-json\/wp\/v2\/product_brand?post=1424"},{"taxonomy":"product_cat","embeddable":true,"href":"https:\/\/megapublicidad.net.pe\/3.0\/wp-json\/wp\/v2\/product_cat?post=1424"},{"taxonomy":"product_tag","embeddable":true,"href":"https:\/\/megapublicidad.net.pe\/3.0\/wp-json\/wp\/v2\/product_tag?post=1424"}],"curies":[{"name":"wp","href":"https:\/\/api.w.org\/{rel}","templated":true}]}}