{"id":1447,"date":"2023-08-14T15:02:09","date_gmt":"2023-08-14T15:02:09","guid":{"rendered":"https:\/\/megapublicidad.net\/3.0\/?post_type=product&#038;p=1447"},"modified":"2023-09-02T19:13:52","modified_gmt":"2023-09-02T19:13:52","slug":"diseno-de-carta-para-restaurant","status":"publish","type":"product","link":"https:\/\/megapublicidad.net.pe\/3.0\/producto\/diseno-de-carta-para-restaurant\/","title":{"rendered":"DISE\u00d1O DE CARTA PARA RESTAURANT"},"content":{"rendered":"","protected":false},"excerpt":{"rendered":"<p>DISE\u00d1AMOS LA CARTA PARA TU RESTAURANTE, DISE\u00d1OS CREATIVOS Y AGRADABLES<\/p>\n<p>Cotiza ahora<\/p>\n","protected":false},"featured_media":1354,"comment_status":"open","ping_status":"closed","template":"","meta":{"_kad_post_transparent":"default","_kad_post_title":"","_kad_post_layout":"default","_kad_post_sidebar_id":"","_kad_post_content_style":"default","_kad_post_vertical_padding":"default","_kad_post_feature":"","_kad_post_feature_position":"","_kad_post_header":false,"_kad_post_footer":false,"_kad_post_classname":"","_joinchat":[]},"product_brand":[],"product_cat":[26],"product_tag":[],"class_list":{"0":"post-1447","1":"product","2":"type-product","3":"status-publish","4":"has-post-thumbnail","6":"product_cat-diseno-grafico","8":"first","9":"instock","10":"shipping-taxable","11":"product-type-grouped","12":"entry","13":"content-bg","14":"loop-entry"},"jetpack_sharing_enabled":true,"_links":{"self":[{"href":"https:\/\/megapublicidad.net.pe\/3.0\/wp-json\/wp\/v2\/product\/1447","targetHints":{"allow":["GET"]}}],"collection":[{"href":"https:\/\/megapublicidad.net.pe\/3.0\/wp-json\/wp\/v2\/product"}],"about":[{"href":"https:\/\/megapublicidad.net.pe\/3.0\/wp-json\/wp\/v2\/types\/product"}],"replies":[{"embeddable":true,"href":"https:\/\/megapublicidad.net.pe\/3.0\/wp-json\/wp\/v2\/comments?post=1447"}],"version-history":[{"count":2,"href":"https:\/\/megapublicidad.net.pe\/3.0\/wp-json\/wp\/v2\/product\/1447\/revisions"}],"predecessor-version":[{"id":2787,"href":"https:\/\/megapublicidad.net.pe\/3.0\/wp-json\/wp\/v2\/product\/1447\/revisions\/2787"}],"wp:featuredmedia":[{"embeddable":true,"href":"https:\/\/megapublicidad.net.pe\/3.0\/wp-json\/wp\/v2\/media\/1354"}],"wp:attachment":[{"href":"https:\/\/megapublicidad.net.pe\/3.0\/wp-json\/wp\/v2\/media?parent=1447"}],"wp:term":[{"taxonomy":"product_brand","embeddable":true,"href":"https:\/\/megapublicidad.net.pe\/3.0\/wp-json\/wp\/v2\/product_brand?post=1447"},{"taxonomy":"product_cat","embeddable":true,"href":"https:\/\/megapublicidad.net.pe\/3.0\/wp-json\/wp\/v2\/product_cat?post=1447"},{"taxonomy":"product_tag","embeddable":true,"href":"https:\/\/megapublicidad.net.pe\/3.0\/wp-json\/wp\/v2\/product_tag?post=1447"}],"curies":[{"name":"wp","href":"https:\/\/api.w.org\/{rel}","templated":true}]}}