{"id":1460,"date":"2023-08-14T15:17:05","date_gmt":"2023-08-14T15:17:05","guid":{"rendered":"https:\/\/megapublicidad.net\/3.0\/?post_type=product&#038;p=1460"},"modified":"2023-08-24T14:35:31","modified_gmt":"2023-08-24T14:35:31","slug":"pagina-web-tienda-en-linea","status":"publish","type":"product","link":"https:\/\/megapublicidad.net.pe\/3.0\/producto\/pagina-web-tienda-en-linea\/","title":{"rendered":"PAGINA WEB TIENDA EN LINEA"},"content":{"rendered":"<p><strong>TU TIENDA EN L\u00cdNEA INCLUYE<\/strong><\/p>\n<p>Espacio en disco 10GB<br \/>\nTransferencia mensual Ilimitado<br \/>\nCorreos electr\u00f3nicos 5<br \/>\nBases de datos 2<br \/>\nDominios adicicionales 2<br \/>\nDominio .com o .net<br \/>\nSSL para tu seguridad y la de tus usuarios<br \/>\nFormulario de contacto<br \/>\nMapa de google (B\u00e1sico)<br \/>\nSEO para posicionarte en buscadores<br \/>\nIntegraci\u00f3n a Whatsapp y Redes Sociales (Si las tiene)<\/p>\n<p>Con un dise\u00f1o adaptado a tus necesidades, esta pagina web cuenta con sistema autoadministrable, pero adem\u00e1s se instala el carrito de compras, que permite a los usuarios realizar una compra en linea, de forma c\u00f3moda y r\u00e1pida, este sitio web es ideal tanto para negocios ya establecidos, como para peque\u00f1os comerciantes que quieren comenzar su negocio virtual.<\/p>\n<p>Deja que tus clientes te encuentren en Google! adquiere tu p\u00e1gina web ya mismo a un precio INSUPERABLE<\/p>\n<p>Esta p\u00e1gina permite a tu negocio darle presencia y credibilidad en Internet, a un bajo costo, para una pagina de 1 a\u00f1o.<\/p>\n<p><strong>RENOVACI\u00d3N:<\/strong><\/p>\n<p>Renovar tu sitio web por otro a\u00f1o es mas barato ya que solo pagar\u00e1s por costo de <a href=\"https:\/\/megapublicidad.net\/hosting\" target=\"_blank\" rel=\"noopener noreferrer\">Dominio y Hosting<\/a> para la fecha.<\/p>\n<p><strong>CONDICIONES Y GARANT\u00cdA:<\/strong><\/p>\n<p>-Tu sitio web estar\u00e1 listo en un lapso de 7 a 20 d\u00edas,\u00a0 tambi\u00e9n esta de tu parte el tiempo de entrega, ya que debes enviarnos v\u00eda e mail, los datos, fotograf\u00edas y logos de tu empresa para cargar en el sitio web. Si demoras en enviar la informaci\u00f3n, demoraremos en terminar el sitio web.<\/p>\n<p>-Solo se cargaran hasta 15 productos en tu tienda, el resto lo cargas tu, te enviamos un tutorial en video para ense\u00f1arte a usar el sistema.<\/p>\n<p>-Durante el primer mes cuentas con garant\u00eda de dise\u00f1o, es decir podr\u00e1s solicitar las modificaciones necesarias (dentro del contrato) para que obtengas una p\u00e1gina web que te guste, luego de los 30 d\u00edas, a partir del primer pago, cada modificaci\u00f3n genera costos adicionales.<\/p>\n<p>-Tu sitio web cuenta con una garant\u00eda de fallas t\u00e9cnicas durante todo el a\u00f1o de servicio, sin costo adicional, cubriendo actualizaciones de sistema, fallas de servidor, ca\u00edda del sitio web, entre otros. Es normal que reinicien los servidores peri\u00f3dicamente, 1 vez cada 1 o 2 meses, esto trae como consecuencia la ca\u00edda de tu pagina por algunos minutos, sin embargo en fallas o ca\u00eddas de mas de 1 d\u00eda, repondremos el tiempo de falla al final del contrato.<\/p>\n<p>-DESPU\u00c9S DE LOS PRIMEROS 30 D\u00cdAS: para ese momento ya has debido enviar la informaci\u00f3n para que mega publicidad haya culminado tu sitio web. Si despu\u00e9s de los primeros 30 d\u00edas a partir del primer pago no has enviado la informaci\u00f3n, deber\u00e1 cancelar 7 dolares adicionales por mes por concepto de dise\u00f1o hasta que usted nos env\u00ede la informaci\u00f3n de su p\u00e1gina. Mega Publicidad no debe demorar m\u00e1s de 15 d\u00edas, despu\u00e9s de recibir la informaci\u00f3n de dise\u00f1o de su sitio web.<\/p>\n","protected":false},"excerpt":{"rendered":"<p><strong>TU TIENDA EN L\u00cdNEA INCLUYE<\/strong><\/p>\n<p>Espacio en disco 10GB<br \/>\nTransferencia mensual Ilimitado<br \/>\nCorreos electr\u00f3nicos 5<br \/>\nBases de datos 2<br \/>\nDominios parqueados 2<br \/>\nDominio.com o .net<br \/>\nSSL para tu seguridad y la de tus usuarios<br \/>\nFormulario de contacto<br \/>\nMapa de google (B\u00e1sico)<br \/>\nSEO para posicionarte en buscadores<br \/>\nIntegraci\u00f3n a Whatsapp y Redes Sociales (Si las tiene)<\/p>\n<p>Con un dise\u00f1o adaptado a tus necesidades, esta pagina web cuenta con sistema autoadministrable, pero ademas se instala el carrito de compras, que permite a los usuarios realizar una compra en linea, de forma c\u00f3moda y rapida, este sitio web es ideal tanto para negocios ya establecidos, como para peque\u00f1os comerciantes que quieren comenzar su negocio virtual.<\/p>\n<p>Deja que tus clientes te encuentren en Google! adquiere tu pagina web ya mismo a un precio INSUPERABLE<\/p>\n<p>Esta p\u00e1gina permite a tu negocio darle presencia y credibilidad en Internet, a un bajo costo, para una pagina de 1 a\u00f1o.<\/p>\n","protected":false},"featured_media":1392,"comment_status":"open","ping_status":"closed","template":"","meta":{"_kad_post_transparent":"default","_kad_post_title":"","_kad_post_layout":"default","_kad_post_sidebar_id":"","_kad_post_content_style":"default","_kad_post_vertical_padding":"default","_kad_post_feature":"","_kad_post_feature_position":"","_kad_post_header":false,"_kad_post_footer":false,"_kad_post_classname":"","_joinchat":[]},"product_brand":[],"product_cat":[29,31],"product_tag":[],"class_list":{"0":"post-1460","1":"product","2":"type-product","3":"status-publish","4":"has-post-thumbnail","6":"product_cat-en-oferta","7":"product_cat-pagina-web","9":"first","10":"instock","11":"sale","12":"shipping-taxable","13":"purchasable","14":"product-type-simple","15":"entry","16":"content-bg","17":"loop-entry"},"jetpack_sharing_enabled":true,"_links":{"self":[{"href":"https:\/\/megapublicidad.net.pe\/3.0\/wp-json\/wp\/v2\/product\/1460","targetHints":{"allow":["GET"]}}],"collection":[{"href":"https:\/\/megapublicidad.net.pe\/3.0\/wp-json\/wp\/v2\/product"}],"about":[{"href":"https:\/\/megapublicidad.net.pe\/3.0\/wp-json\/wp\/v2\/types\/product"}],"replies":[{"embeddable":true,"href":"https:\/\/megapublicidad.net.pe\/3.0\/wp-json\/wp\/v2\/comments?post=1460"}],"version-history":[{"count":2,"href":"https:\/\/megapublicidad.net.pe\/3.0\/wp-json\/wp\/v2\/product\/1460\/revisions"}],"predecessor-version":[{"id":2133,"href":"https:\/\/megapublicidad.net.pe\/3.0\/wp-json\/wp\/v2\/product\/1460\/revisions\/2133"}],"wp:featuredmedia":[{"embeddable":true,"href":"https:\/\/megapublicidad.net.pe\/3.0\/wp-json\/wp\/v2\/media\/1392"}],"wp:attachment":[{"href":"https:\/\/megapublicidad.net.pe\/3.0\/wp-json\/wp\/v2\/media?parent=1460"}],"wp:term":[{"taxonomy":"product_brand","embeddable":true,"href":"https:\/\/megapublicidad.net.pe\/3.0\/wp-json\/wp\/v2\/product_brand?post=1460"},{"taxonomy":"product_cat","embeddable":true,"href":"https:\/\/megapublicidad.net.pe\/3.0\/wp-json\/wp\/v2\/product_cat?post=1460"},{"taxonomy":"product_tag","embeddable":true,"href":"https:\/\/megapublicidad.net.pe\/3.0\/wp-json\/wp\/v2\/product_tag?post=1460"}],"curies":[{"name":"wp","href":"https:\/\/api.w.org\/{rel}","templated":true}]}}