{"id":1467,"date":"2023-08-14T15:29:10","date_gmt":"2023-08-14T15:29:10","guid":{"rendered":"https:\/\/megapublicidad.net\/3.0\/?post_type=product&#038;p=1467"},"modified":"2023-09-14T16:50:59","modified_gmt":"2023-09-14T16:50:59","slug":"community-manager","status":"publish","type":"product","link":"https:\/\/megapublicidad.net.pe\/3.0\/producto\/community-manager\/","title":{"rendered":"COMMUNITY MANAGER"},"content":{"rendered":"","protected":false},"excerpt":{"rendered":"<p>Publicaci\u00f3n de una imagen diaria en Facebook de 1 a 5 dias a la semana durante 1 mes.<\/p>\n<p>An\u00e1lisis de campa\u00f1a y segmentacion para facebook ads, edicion de imagen de perfil y portada, configuracion de respuestas automaticas a partir del segundo mes de servicio.<\/p>\n<p>Con Facebook ads 2 semanas al mes se impulsar\u00e1 1 publicaci\u00f3n por Facebook ads (Facebook e Instagram) para ampliar la llegada de la informaci\u00f3n a un p\u00fablico objetivo.<\/p>\n<p>Agrega una p\u00e1gina web a tu servicio y obt\u00e9n m\u00e1s credibilidad en tu negocio, dise\u00f1o atractivo y profesional, pago mensual.<!--more--><\/p>\n<p>Si no tiene su fanpage, lo creamos y perfilamos sin costo adicional.<\/p>\n<p>&nbsp;<\/p>\n","protected":false},"featured_media":1395,"comment_status":"open","ping_status":"closed","template":"","meta":{"_kad_post_transparent":"default","_kad_post_title":"","_kad_post_layout":"default","_kad_post_sidebar_id":"","_kad_post_content_style":"default","_kad_post_vertical_padding":"default","_kad_post_feature":"","_kad_post_feature_position":"","_kad_post_header":false,"_kad_post_footer":false,"_kad_post_classname":"","_joinchat":[]},"product_brand":[],"product_cat":[29,32],"product_tag":[],"class_list":{"0":"post-1467","1":"product","2":"type-product","3":"status-publish","4":"has-post-thumbnail","6":"product_cat-en-oferta","7":"product_cat-social-manager","9":"first","10":"instock","11":"shipping-taxable","12":"purchasable","13":"product-type-variable","14":"has-default-attributes","15":"entry","16":"content-bg","17":"loop-entry"},"jetpack_sharing_enabled":true,"_links":{"self":[{"href":"https:\/\/megapublicidad.net.pe\/3.0\/wp-json\/wp\/v2\/product\/1467","targetHints":{"allow":["GET"]}}],"collection":[{"href":"https:\/\/megapublicidad.net.pe\/3.0\/wp-json\/wp\/v2\/product"}],"about":[{"href":"https:\/\/megapublicidad.net.pe\/3.0\/wp-json\/wp\/v2\/types\/product"}],"replies":[{"embeddable":true,"href":"https:\/\/megapublicidad.net.pe\/3.0\/wp-json\/wp\/v2\/comments?post=1467"}],"version-history":[{"count":3,"href":"https:\/\/megapublicidad.net.pe\/3.0\/wp-json\/wp\/v2\/product\/1467\/revisions"}],"predecessor-version":[{"id":2882,"href":"https:\/\/megapublicidad.net.pe\/3.0\/wp-json\/wp\/v2\/product\/1467\/revisions\/2882"}],"wp:featuredmedia":[{"embeddable":true,"href":"https:\/\/megapublicidad.net.pe\/3.0\/wp-json\/wp\/v2\/media\/1395"}],"wp:attachment":[{"href":"https:\/\/megapublicidad.net.pe\/3.0\/wp-json\/wp\/v2\/media?parent=1467"}],"wp:term":[{"taxonomy":"product_brand","embeddable":true,"href":"https:\/\/megapublicidad.net.pe\/3.0\/wp-json\/wp\/v2\/product_brand?post=1467"},{"taxonomy":"product_cat","embeddable":true,"href":"https:\/\/megapublicidad.net.pe\/3.0\/wp-json\/wp\/v2\/product_cat?post=1467"},{"taxonomy":"product_tag","embeddable":true,"href":"https:\/\/megapublicidad.net.pe\/3.0\/wp-json\/wp\/v2\/product_tag?post=1467"}],"curies":[{"name":"wp","href":"https:\/\/api.w.org\/{rel}","templated":true}]}}