{"id":3083,"date":"2024-12-19T20:37:39","date_gmt":"2024-12-19T20:37:39","guid":{"rendered":"https:\/\/megapublicidad.net\/3.0\/?post_type=product&#038;p=3083"},"modified":"2024-12-19T21:50:53","modified_gmt":"2024-12-19T21:50:53","slug":"ecard-micro-web","status":"publish","type":"product","link":"https:\/\/megapublicidad.net.pe\/3.0\/producto\/ecard-micro-web\/","title":{"rendered":"ECARD (micro web)"},"content":{"rendered":"<p><strong>SU PAGINA WEB CONTARA CON:<\/strong><\/p>\n<p>Espacio web dentro de nuestro sitio ecard<br \/>\nDominio .com o .net + 1 Correos electr\u00f3nicos\u00a0 (costo adicional)<br \/>\nSSL para tu seguridad y la de tus usuarios<br \/>\nContacto directo a Whatsapp<br \/>\nUbicaci\u00f3n<\/p>\n<p>Con un dise\u00f1o adaptado para describir tu negocio de forma clara y directa.<\/p>\n<p>Deja que tus clientes te encuentren en Google! adquiere tu micro web ya mismo a un precio INSUPERABLE<\/p>\n<p>Esta p\u00e1gina permite a tu negocio darle presencia y credibilidad en Internet, a un bajo costo, para una pagina de 1 a\u00f1o.<\/p>\n<p><strong>RENOVACI\u00d3N:<\/strong><\/p>\n<p>La renovavion es anual y el costo depende del servicio contratado.<\/p>\n<p><strong>CONDICIONES Y GARANT\u00cdA:<\/strong><\/p>\n<p>-Tu sitio web estar\u00e1 listo en un lapso de 5 a 15 d\u00edas despu\u00e9s de enviarnos la informaci\u00f3n de tu sitio web,\u00a0 tambi\u00e9n est\u00e1 de tu parte el tiempo de entrega, ya que debes enviarnos v\u00eda e mail, los datos, fotograf\u00edas y logos de tu empresa para cargar en el sitio web. Si demoras en enviar la informaci\u00f3n, demoramos en terminar el sitio web.<\/p>\n<p>-Durante el primer mes cuentas con garant\u00eda de dise\u00f1o, es decir podr\u00e1s solicitar las modificaciones necesarias (dentro del contrato) para que obtengas una p\u00e1gina web que te guste, luego de los 30 d\u00edas, a partir del primer pago, cada modificaci\u00f3n genera costos adicionales.<\/p>\n<p>-Tu sitio web cuenta con una garant\u00eda de fallas t\u00e9cnicas durante todo el a\u00f1o de servicio, sin costo adicional, cubriendo actualizaciones de sistema, fallas de servidor, ca\u00edda del sitio web, entre otros. Es normal que reinicien los servidores peri\u00f3dicamente, esto trae como consecuencia la ca\u00edda de tu pagina por algunos minutos, sin embargo en fallas o ca\u00eddas de mas de 1 d\u00eda, repondremos el tiempo de falla al final del contrato.<\/p>\n<p>-DESPU\u00c9S DE LOS PRIMEROS 30 D\u00cdAS: para ese momento ya has debido enviar la informaci\u00f3n para que mega publicidad haya culminado tu sitio web. Si despu\u00e9s de los primeros 30 d\u00edas a partir del primer pago no has enviado la informaci\u00f3n, deber\u00e1 cancelar 20 soles adicionales a su mensualidad por concepto de dise\u00f1o hasta que usted nos env\u00ede la informaci\u00f3n de su p\u00e1gina. Mega Publicidad no debe demorar m\u00e1s de 15 d\u00edas, despu\u00e9s de recibir la informaci\u00f3n de dise\u00f1o de su sitio web.<\/p>\n","protected":false},"excerpt":{"rendered":"<h3>\u00bfQu\u00e9 es una Ecard?<\/h3>\n<p>Es una micro web personalizada que te permite presentar tu marca de manera profesional y accesible, alojada en nuestro sitio web o con tu propio dominio.<\/p>\n<h3>\u00bfQu\u00e9 puedes incluir en tu Ecard?<\/h3>\n<ul>\n<li><strong>Logo de tu negocio:<\/strong> Refleja la identidad de tu marca.<\/li>\n<li><strong>Productos o servicios:<\/strong> Muestra lo mejor de lo que ofreces.<\/li>\n<li><strong>Galer\u00eda de fotos:<\/strong> Impacta con im\u00e1genes atractivas de tu negocio.<\/li>\n<li><strong>Datos de contacto:<\/strong> Facilita la comunicaci\u00f3n con tus clientes.<\/li>\n<li><strong>Ubicaci\u00f3n:<\/strong> Gu\u00eda a tus clientes directamente a tu negocio.<\/li>\n<\/ul>\n<h3>Beneficios de tener una Ecard<\/h3>\n<ul>\n<li><strong>Presencia online profesional:<\/strong> Ideal para fortalecer tu imagen en el mercado.<\/li>\n<li><strong>F\u00e1cil de compartir:<\/strong> Tus clientes acceder\u00e1n a toda tu informaci\u00f3n con un solo clic.<\/li>\n<li><strong>Correo corporativo (opcional):<\/strong> Mejora la confianza y profesionalismo de tus comunicaciones.<\/li>\n<li><strong>Dise\u00f1o a tu medida:<\/strong> Una p\u00e1gina que refleja tu estilo y objetivos.<\/li>\n<\/ul>\n<p><strong>PAQUETES DISPONIBLES<\/strong><\/p>\n<p>\u2705\u00a0 TARJETA DIGITAL 1a\u00f1o | dominio<br \/>\necard.megapublicidad. net\/tunegocio<\/p>\n<p>\u2705\u00a0 TARJETA DIGITAL + IMPRESO | dominio<br \/>\necard.megapublicidad. net\/tunegocio<\/p>\n<p>\u2705\u00a0 TARJETA DIGITAL | dominio tunegocio. com | correo corporativo<\/p>\n<p>Haz que tu negocio sea visible y accesible en el mundo digital con una Ecard de Mega Publicidad. \u00a1Es el primer paso hacia un crecimiento profesional!<\/p>\n","protected":false},"featured_media":3086,"comment_status":"open","ping_status":"closed","template":"","meta":{"_kad_post_transparent":"default","_kad_post_title":"","_kad_post_layout":"default","_kad_post_sidebar_id":"","_kad_post_content_style":"default","_kad_post_vertical_padding":"default","_kad_post_feature":"","_kad_post_feature_position":"","_kad_post_header":false,"_kad_post_footer":false,"_kad_post_classname":"","_joinchat":[]},"product_brand":[],"product_cat":[29,31],"product_tag":[],"class_list":{"0":"post-3083","1":"product","2":"type-product","3":"status-publish","4":"has-post-thumbnail","6":"product_cat-en-oferta","7":"product_cat-pagina-web","9":"first","10":"instock","11":"sale","12":"shipping-taxable","13":"purchasable","14":"product-type-simple","15":"entry","16":"content-bg","17":"loop-entry"},"jetpack_sharing_enabled":true,"_links":{"self":[{"href":"https:\/\/megapublicidad.net.pe\/3.0\/wp-json\/wp\/v2\/product\/3083","targetHints":{"allow":["GET"]}}],"collection":[{"href":"https:\/\/megapublicidad.net.pe\/3.0\/wp-json\/wp\/v2\/product"}],"about":[{"href":"https:\/\/megapublicidad.net.pe\/3.0\/wp-json\/wp\/v2\/types\/product"}],"replies":[{"embeddable":true,"href":"https:\/\/megapublicidad.net.pe\/3.0\/wp-json\/wp\/v2\/comments?post=3083"}],"version-history":[{"count":3,"href":"https:\/\/megapublicidad.net.pe\/3.0\/wp-json\/wp\/v2\/product\/3083\/revisions"}],"predecessor-version":[{"id":3087,"href":"https:\/\/megapublicidad.net.pe\/3.0\/wp-json\/wp\/v2\/product\/3083\/revisions\/3087"}],"wp:featuredmedia":[{"embeddable":true,"href":"https:\/\/megapublicidad.net.pe\/3.0\/wp-json\/wp\/v2\/media\/3086"}],"wp:attachment":[{"href":"https:\/\/megapublicidad.net.pe\/3.0\/wp-json\/wp\/v2\/media?parent=3083"}],"wp:term":[{"taxonomy":"product_brand","embeddable":true,"href":"https:\/\/megapublicidad.net.pe\/3.0\/wp-json\/wp\/v2\/product_brand?post=3083"},{"taxonomy":"product_cat","embeddable":true,"href":"https:\/\/megapublicidad.net.pe\/3.0\/wp-json\/wp\/v2\/product_cat?post=3083"},{"taxonomy":"product_tag","embeddable":true,"href":"https:\/\/megapublicidad.net.pe\/3.0\/wp-json\/wp\/v2\/product_tag?post=3083"}],"curies":[{"name":"wp","href":"https:\/\/api.w.org\/{rel}","templated":true}]}}